{"id":82,"date":"2019-10-08T23:57:45","date_gmt":"2019-10-08T21:57:45","guid":{"rendered":"https:\/\/coradcor.fr\/?page_id=82"},"modified":"2020-01-10T22:32:23","modified_gmt":"2020-01-10T21:32:23","slug":"la-bd","status":"publish","type":"page","link":"https:\/\/coradcor.fr\/index.php\/la-bd\/","title":{"rendered":"La BD"},"content":{"rendered":"\n<div class=\"wp-block-image\"><figure class=\"aligncenter is-resized\"><img loading=\"lazy\" decoding=\"async\" src=\"http:\/\/coradcor.fr\/wp-content\/uploads\/2019\/06\/Titre_Couv_orange-722x1024.png\" alt=\"\" class=\"wp-image-24\" width=\"326\" height=\"463\" srcset=\"https:\/\/coradcor.fr\/wp-content\/uploads\/2019\/06\/Titre_Couv_orange-722x1024.png 722w, https:\/\/coradcor.fr\/wp-content\/uploads\/2019\/06\/Titre_Couv_orange-416x590.png 416w, https:\/\/coradcor.fr\/wp-content\/uploads\/2019\/06\/Titre_Couv_orange-212x300.png 212w, https:\/\/coradcor.fr\/wp-content\/uploads\/2019\/06\/Titre_Couv_orange-768x1089.png 768w\" sizes=\"auto, (max-width: 326px) 100vw, 326px\" \/><figcaption>\u00ab\u00a0De Lys, d&rsquo;Azur \u00e9toil\u00e9, et d&rsquo;un Coeur enflamm\u00e9\u00a0\u00bb est un album de 60 pages, sorti en septembre 2019, gr\u00e2ce au succ\u00e8s de la pr\u00e9vente sur le site credofunding.fr. <br>Retrouvez dans ses pages la vie d&rsquo;un <em><s>dr\u00f4le d&rsquo;olibrius<\/s><\/em> saint de la Renaissance Italienne : Philippe N\u00e9ri.<br><br>Cette BD a \u00e9t\u00e9 r\u00e9compens\u00e9e d&rsquo;une Mention Sp\u00e9ciale du Jury, lors du concours de la BD chr\u00e9tienne \u00e0 Angoul\u00eame 2020. <\/figcaption><\/figure><\/div>\n\n\n\n<h2 class=\"wp-block-heading\"><strong>Pourquoi Philippe N\u00e9ri ?<\/strong><\/h2>\n\n\n\n<hr class=\"wp-block-separator\"\/>\n\n\n\n<figure class=\"wp-block-image\"><img decoding=\"async\" src=\"https:\/\/res.cloudinary.com\/hm3mec8bl\/image\/upload\/intn95nau6xn0feqwpgu\" alt=\"\"\/><\/figure>\n\n\n\n<p>Quel dommage que ce saint reste un secret si bien gard\u00e9 de son Italie\n d&rsquo;origine, o\u00f9 il est r\u00e9ellement une STAR ! Assur\u00e9ment original, il \nm\u00e9rite bien d&rsquo;\u00eatre le saint patron de la joie : il proclamait des \nblagues dans la rue, recevait les grands de ce monde en robe de chambre \net emmenait son chat \u00e0 la messe ; \u00e0 sa pri\u00e8re, les malades gu\u00e9rissaient \net les \u00e9tudiants les plus turbulents adoraient le Saint Sacrement. Pas \nde quoi s&rsquo;ennuyer en lisant sa biographie : une sacr\u00e9e dose de bonne \nhumeur !<br>\n<br><\/p>\n\n\n\n<p>Mais attention, pas question d&rsquo;\u00eatre pour autant superficiel. Car,  comme vous le d\u00e9couvrirez en lisant ces pages, il fut pleinement  habit\u00e9 par l&rsquo;Esprit Saint, au point d&rsquo;en devenir un grand mystique &#8230;  pr\u00eat \u00e0 tout inventer pour conserver son humilit\u00e9.  Cohabitation id\u00e9ale aussi pour agir dans la Contre-R\u00e9forme, le contexte  historique houleux de ce r\u00e9cit.  Enfin, Philippe N\u00e9ri a plusieurs liens insoup\u00e7onn\u00e9s avec la France.  Cocorico ? <br><\/p>\n\n\n\n<figure class=\"wp-block-image\"><img decoding=\"async\" src=\"https:\/\/res.cloudinary.com\/hm3mec8bl\/image\/upload\/g8f8zey6xrdqwvzsfssx\" alt=\"\"\/><\/figure>\n\n\n\n<h1 class=\"wp-block-heading\"><strong>Pourquoi en BD ?<\/strong><\/h1>\n\n\n\n<hr class=\"wp-block-separator\"\/>\n\n\n\n<p>Difficile de trouver une biographie du bonhomme, \u00e0 moins d&rsquo;\u00eatre \ncapable de d\u00e9nicher certains livres rares et bien trop \u00e9pais &#8230; ou \nd&rsquo;\u00eatre bal\u00e8ze en italien ou en latin ! \nSaint Philippe N\u00e9ri ayant un lien fort avec la jeunesse, pourquoi \nh\u00e9siter plus longtemps \u00e0 s&rsquo;exprimer sous le format d&rsquo;une BD ? Ceux qui \nsont jeunes depuis longtemps auront aussi le plaisir de s&rsquo;immerger \nvisuellement dans la Rome de la Renaissance. <br><\/p>\n\n\n\n<p>C&rsquo;est une BD \u00e0 plusieurs niveaux de lecture. Comme il s&rsquo;agit \nd&rsquo;une BD historique, certains textes s&rsquo;adressent plut\u00f4t aux adolescents \net adultes. Mais les images et les gags visuels plairont aussi aux \nenfants. L&rsquo;occasion d&rsquo;une lecture en famille ? <br><\/p>\n\n\n\n<p>Ce projet s&rsquo;inscrit dans la longue tradition de vies de saints en\n BD, qui commence, dit-on, sur les vitraux m\u00e9di\u00e9vaux ! \ud83d\ude42 Aujourd&rsquo;hui, \non compte sur vous pour faire perdurer cette belle forme \nd&rsquo;\u00e9vang\u00e9lisation &#8230; \nDonc avis aux collectionneurs de vies de saints ! \nCes vies \u00e9difiantes peuvent \u00eatre appr\u00e9ci\u00e9es de tous, chr\u00e9tiens \npratiquants ou non, amateurs d&rsquo;Histoire ou d&rsquo;histoires &#8230; Et, parfois, \nces belles vies changent nos vies.<br><\/p>\n\n\n\n<figure class=\"wp-block-image\"><img decoding=\"async\" src=\"https:\/\/res.cloudinary.com\/hm3mec8bl\/image\/upload\/hqnmwwplgffbo7sjws96\" alt=\"\"\/><\/figure>\n\n\n\n<h1 class=\"wp-block-heading\"><strong>Saint Philippe aujourd&rsquo;hui<\/strong><\/h1>\n\n\n\n<hr class=\"wp-block-separator\"\/>\n\n\n\n<p>Plusieurs communaut\u00e9s, les oratoires de saint Philippe N\u00e9ri, se \nd\u00e9veloppent depuis quelques temps en France, s&rsquo;ajoutant \u00e0 l&rsquo;Oratoire de \nFrance, implant\u00e9 depuis longtemps, notamment au coeur de Paris. Il est \ndonc temps de se renseigner sur cette figure inspirante.\nEt qui refuserait un moment de bonne humeur, de spiritualit\u00e9 et de \nballade romaine ? <br><\/p>\n\n\n\n<figure class=\"wp-block-image\"><img decoding=\"async\" src=\"https:\/\/res.cloudinary.com\/hm3mec8bl\/image\/upload\/t0pj6hwvfqquewfyibuc\" alt=\"\"\/><\/figure>\n\n\n\n<p>Un petit mot du Pape Fran\u00e7ois : \nDans son exortation apostolique \u00ab\u00a0Gaudete et exultate\u00a0\u00bb, Fran\u00e7ois insiste \nsur la Joie, et nous parle de l&rsquo;humour des saints. Et qui prend-t-il en \nexemple ? \ud83d\ude09<br><\/p>\n\n\n\n<p><em>\u00ab\u00a0Ordinairement, la joie chr\u00e9tienne est accompagn\u00e9e du sens de\n l\u2019humour, si remarquable, par exemple, chez saint Thomas More, chez \nsaint Vincent de Paul ou chez saint Philippe N\u00e9ri.\u00a0\u00bb<\/em><\/p>\n","protected":false},"excerpt":{"rendered":"<p>Pourquoi Philippe N\u00e9ri ? Quel dommage que ce saint reste un secret si bien gard\u00e9 de son Italie d&rsquo;origine, o\u00f9 il est r\u00e9ellement une STAR ! Assur\u00e9ment original, il m\u00e9rite bien d&rsquo;\u00eatre le saint patron de la joie : il proclamait des blagues dans la rue, recevait les grands de ce monde en robe de [&hellip;]<\/p>\n","protected":false},"author":1,"featured_media":0,"parent":0,"menu_order":0,"comment_status":"open","ping_status":"closed","template":"","meta":{"footnotes":""},"class_list":["post-82","page","type-page","status-publish","hentry"],"_links":{"self":[{"href":"https:\/\/coradcor.fr\/index.php\/wp-json\/wp\/v2\/pages\/82","targetHints":{"allow":["GET"]}}],"collection":[{"href":"https:\/\/coradcor.fr\/index.php\/wp-json\/wp\/v2\/pages"}],"about":[{"href":"https:\/\/coradcor.fr\/index.php\/wp-json\/wp\/v2\/types\/page"}],"author":[{"embeddable":true,"href":"https:\/\/coradcor.fr\/index.php\/wp-json\/wp\/v2\/users\/1"}],"replies":[{"embeddable":true,"href":"https:\/\/coradcor.fr\/index.php\/wp-json\/wp\/v2\/comments?post=82"}],"version-history":[{"count":5,"href":"https:\/\/coradcor.fr\/index.php\/wp-json\/wp\/v2\/pages\/82\/revisions"}],"predecessor-version":[{"id":148,"href":"https:\/\/coradcor.fr\/index.php\/wp-json\/wp\/v2\/pages\/82\/revisions\/148"}],"wp:attachment":[{"href":"https:\/\/coradcor.fr\/index.php\/wp-json\/wp\/v2\/media?parent=82"}],"curies":[{"name":"wp","href":"https:\/\/api.w.org\/{rel}","templated":true}]}}