{"id":325,"date":"2026-02-05T22:07:42","date_gmt":"2026-02-05T21:07:42","guid":{"rendered":"https:\/\/coradcor.fr\/?page_id=325"},"modified":"2026-02-05T22:07:42","modified_gmt":"2026-02-05T21:07:42","slug":"dans-les-poches-de-catinon","status":"publish","type":"page","link":"https:\/\/coradcor.fr\/index.php\/dans-les-poches-de-catinon\/","title":{"rendered":"Dans les poches de Catinon"},"content":{"rendered":"\n<figure class=\"wp-block-image size-large\"><img decoding=\"async\" src=\"https:\/\/res.cloudinary.com\/hm3mec8bl\/image\/upload\/v1759926755\/mjrunjdtqqyguv7lonz7.jpg\" alt=\"\"\/><\/figure>\n\n\n\n<p><em>La R\u00e9volution Fran\u00e7aise : Paris, la Bastille, les grands hommes\u2026?<br>Eh bien \u2026 si on changeait le d\u00e9cor ? Voici : la R\u00e9volution, une petite ville, une petite bonne femme \u2026<\/em><\/p>\n\n\n\n<p><strong>Catinon<\/strong> semble une insignifiante denteli\u00e8re, illettr\u00e9e et un peu simple. Connue pour <strong>qu\u00eater au profit des pauvres et pour fr\u00e9quenter l\u2019\u00e9glise<\/strong>, les gendarmes de Mauriac la tiennent pour une bigote quelconque.<\/p>\n\n\n\n<p>Ils ignorent que sous ses airs de B\u00e9cassine, elle dissimule un esprit vif, inventif et espi\u00e8gle\u2026 <strong>Le cerveau de l\u2019organisation secr\u00e8te qui cache les pr\u00eatres hors-la-loi, c\u2019est elle !<\/strong>\u2026et ses poches immenses rec\u00e8lent bien des myst\u00e8res\u2026<\/p>\n\n\n\n<p>Cette BD de 136 pages, \u00e9crite comme <strong>un roman historique<\/strong>, explore avec humanit\u00e9 les destins singuliers qui s\u2019entrecroisent autour de Catinon, tels les \u00e9cheveaux de la denteli\u00e8re.<\/p>\n\n\n\n<figure class=\"wp-block-image\"><img decoding=\"async\" src=\"https:\/\/res.cloudinary.com\/hm3mec8bl\/image\/upload\/mfamskqlkelalaacpijp\" alt=\"\"\/><\/figure>\n\n\n\n<p>Comment chacun r\u00e9agira-t-il \u00e0 la situation in\u00e9dite qui d\u00e9ferle sur le pays en 1789 ? Et quel r\u00f4le joueront-ils autour de la mission de Catinon ?<\/p>\n\n\n\n<p>Dans un monde en \u00e9bullition o\u00f9 le tragique c\u00f4toie le burlesque, nous serons t\u00e9moins de leurs cas de conscience, de leurs doutes, de leur engagement\u2026<\/p>\n\n\n\n<figure class=\"wp-block-image\"><img decoding=\"async\" src=\"https:\/\/res.cloudinary.com\/hm3mec8bl\/image\/upload\/wh6ovklt5wfltantskg4\" alt=\"\"\/><\/figure>\n\n\n\n<p>Catherine Jarrige dite <strong>Catinon Menette<\/strong> est n\u00e9e le 4 octobre 1754 dans un petit village proche de Mauriac (Cantal), dans une famille d\u2019agriculteurs pauvres.<\/p>\n\n\n\n<p><em>Gaie, elle l\u2019\u00e9tait par nature &#8211; Espi\u00e8gle dans sa jeunesse, Catinon en garda une finesse<br>et un esprit qui faisait fondre toutes les r\u00e9sistances, tous les coeurs.<\/em><\/p>\n\n\n\n<figure class=\"wp-block-image\"><img decoding=\"async\" src=\"https:\/\/res.cloudinary.com\/hm3mec8bl\/image\/upload\/ciawztomgx0qmwmzx3dg\" alt=\"\"\/><\/figure>\n\n\n\n<figure class=\"wp-block-image\"><img decoding=\"async\" src=\"https:\/\/res.cloudinary.com\/hm3mec8bl\/image\/upload\/j8h5cr0ddlepk1isgos0\" alt=\"\"\/><\/figure>\n\n\n\n<p><em>La\u00efque du Tiers Ordre de Saint-Dominique<\/em>, surnomm\u00e9e Catinon Menette ou \u00abMenette des Pauvres\u00bb en raison de son d\u00e9vouement aux malades, aux pauvres, aux orphelins de la r\u00e9gion\u2026<\/p>\n\n\n\n<p>Connue aussi pour <strong>son action clandestine<\/strong> au p\u00e9ril de sa vie <strong>en faveur des pr\u00eatres pers\u00e9cut\u00e9s pendant la Terreur.<\/strong><\/p>\n\n\n\n<p>La R\u00e9volution finie, elle poursuivit son minist\u00e8re aupr\u00e8s des plus pauvres jusqu\u2019\u00e0 sa mort en 1836.<\/p>\n\n\n\n<p><strong><em>Elle fut b\u00e9atifi\u00e9e \u00e0 Rome le 24 novembre 1996 par Jean Paul II.<\/em><\/strong><\/p>\n","protected":false},"excerpt":{"rendered":"<p>La R\u00e9volution Fran\u00e7aise : Paris, la Bastille, les grands hommes\u2026?Eh bien \u2026 si on changeait le d\u00e9cor ? Voici : la R\u00e9volution, une petite ville, une petite bonne femme \u2026 Catinon semble une insignifiante denteli\u00e8re, illettr\u00e9e et un peu simple. Connue pour qu\u00eater au profit des pauvres et pour fr\u00e9quenter l\u2019\u00e9glise, les gendarmes de Mauriac [&hellip;]<\/p>\n","protected":false},"author":1,"featured_media":0,"parent":0,"menu_order":0,"comment_status":"closed","ping_status":"closed","template":"","meta":{"footnotes":""},"class_list":["post-325","page","type-page","status-publish","hentry"],"_links":{"self":[{"href":"https:\/\/coradcor.fr\/index.php\/wp-json\/wp\/v2\/pages\/325","targetHints":{"allow":["GET"]}}],"collection":[{"href":"https:\/\/coradcor.fr\/index.php\/wp-json\/wp\/v2\/pages"}],"about":[{"href":"https:\/\/coradcor.fr\/index.php\/wp-json\/wp\/v2\/types\/page"}],"author":[{"embeddable":true,"href":"https:\/\/coradcor.fr\/index.php\/wp-json\/wp\/v2\/users\/1"}],"replies":[{"embeddable":true,"href":"https:\/\/coradcor.fr\/index.php\/wp-json\/wp\/v2\/comments?post=325"}],"version-history":[{"count":1,"href":"https:\/\/coradcor.fr\/index.php\/wp-json\/wp\/v2\/pages\/325\/revisions"}],"predecessor-version":[{"id":326,"href":"https:\/\/coradcor.fr\/index.php\/wp-json\/wp\/v2\/pages\/325\/revisions\/326"}],"wp:attachment":[{"href":"https:\/\/coradcor.fr\/index.php\/wp-json\/wp\/v2\/media?parent=325"}],"curies":[{"name":"wp","href":"https:\/\/api.w.org\/{rel}","templated":true}]}}