{"id":284,"date":"2021-03-13T13:49:21","date_gmt":"2021-03-13T12:49:21","guid":{"rendered":"https:\/\/coradcor.fr\/?page_id=284"},"modified":"2021-03-17T23:10:05","modified_gmt":"2021-03-17T22:10:05","slug":"details-caches","status":"publish","type":"page","link":"https:\/\/coradcor.fr\/index.php\/details-caches\/","title":{"rendered":"D\u00e9tails cach\u00e9s"},"content":{"rendered":"\n<p>Cette page regorge de clins d\u2019\u0153il et autres r\u00e9f\u00e9rences oratoriennes un peu plus pouss\u00e9es ! Au cin\u00e9ma, dans le jargon anglais, il para\u00eet qu&rsquo;on appelle \u00e7a des \u00ab\u00a0easter-eggs\u00a0\u00bb &#8230;<\/p>\n\n\n\n<p><\/p>\n\n\n\n<p><strong>P. 3<\/strong><\/p>\n\n\n\n<ul class=\"wp-block-list\"><li>1<sup>\u00e8re<\/sup> bulle de la BD&nbsp;: \u00ab&nbsp;1515&nbsp;\u00bb&nbsp;! <\/li><\/ul>\n\n\n\n<p>D\u00e9sol\u00e9 pour les autres, mais \u00e0 un moment c\u2019\u00e9tait un peu une blague r\u00e9currente pour chaque nouveau \u00e0 l\u2019Oratoire de Nancy.<\/p>\n\n\n\n<p>Nous jouons \u00e0 notre tour ici entre la date de Marignan \u2013 \u00f4 combien archi-rab\u00e2ch\u00e9e pour tout Fran\u00e7ais&nbsp;! \u2013 et l\u2019ann\u00e9e de naissance de saint Philippe N\u00e9ri. Au moins, nous autres fran\u00e7ais n\u2019avons aucune raison de ne pas retenir quand est n\u00e9 St Philippe&nbsp;! Tout \u00e7a pour finalement le laisser malicieusement reposer \u2013 tel un faux d\u00e9part volontaire \u2013 jusqu\u2019\u00e0 la page 56. Arriv\u00e9 l\u00e0, vous pouvez consid\u00e9rer \u00e7a comme du comique de r\u00e9p\u00e9tition \u2026 <\/p>\n\n\n\n<ul class=\"wp-block-list\"><li>La bulle \u00ab&nbsp;Chacun massacre \u00e0 sa guise&nbsp;\u00bb n\u2019est innocente ni dans sa r\u00e9daction, ni dans son emplacement. En effet, l\u2019homme en armure et en mauvais \u00e9tat juste en-dessous n\u2019est autre que le duc de Guise (c\u2019est Fragonard qui l\u2019a lui-m\u00eame pr\u00e9cis\u00e9). Au-del\u00e0 du simple jeu de mot, l\u2019Oratoire de Nancy est tout \u00e0 fait autoris\u00e9 \u00e0 y voir un clin d\u2019\u0153il quant \u00e0 ses salles paroissiales&nbsp;! <\/li><\/ul>\n\n\n\n<div class=\"wp-block-image\"><figure class=\"aligncenter size-large is-resized\"><img loading=\"lazy\" decoding=\"async\" src=\"https:\/\/coradcor.fr\/wp-content\/uploads\/2021\/03\/Marignan-1024x858.jpg\" alt=\"Pr\u00e9cisions pour le tableau de Fragonard\" class=\"wp-image-285\" width=\"707\" height=\"592\" srcset=\"https:\/\/coradcor.fr\/wp-content\/uploads\/2021\/03\/Marignan-1024x858.jpg 1024w, https:\/\/coradcor.fr\/wp-content\/uploads\/2021\/03\/Marignan-300x251.jpg 300w, https:\/\/coradcor.fr\/wp-content\/uploads\/2021\/03\/Marignan-768x644.jpg 768w, https:\/\/coradcor.fr\/wp-content\/uploads\/2021\/03\/Marignan-416x349.jpg 416w, https:\/\/coradcor.fr\/wp-content\/uploads\/2021\/03\/Marignan.jpg 1106w\" sizes=\"auto, (max-width: 707px) 100vw, 707px\" \/><\/figure><\/div>\n\n\n\n<p class=\"has-small-font-size\">Le moment captur\u00e9 par le peintre est l&rsquo;arriv\u00e9e de Fran\u00e7ois 1<sup>er<\/sup> au niveau du Comte de Guise, mal en point, mais n\u00e9anmoins vivant, contrairement \u00e0 son \u00e9cuyer, Adam Nuremberg, qui vient de le sauver en prenant le coup \u00e0 sa place. <\/p>\n\n\n\n<p><\/p>\n\n\n\n<p><strong>P. 4<\/strong><\/p>\n\n\n\n<ul class=\"wp-block-list\"><li>Pour les f\u00e9rus de liturgie dans le rite extraordinaire, il para\u00eet que nous avons commis un impaire pour les cierges et l\u2019autel. Nous vous laissons chercher \u2026<\/li><li>A chaque fois que cela \u00e9tait possible et s\u00fbr, nous n\u2019avons repr\u00e9sent\u00e9 que les p\u00e8res pr\u00e9sents dans la communaut\u00e9 au moment de chaque sc\u00e8ne. Ainsi, nous ne voyons pas encore Tarugi&nbsp;: il est \u00e0 Naples vers 1581&nbsp;!<\/li><\/ul>\n\n\n\n<p><\/p>\n\n\n\n<p><strong>P. 6<\/strong><\/p>\n\n\n\n<p>Aujourd\u2019hui encore, les pr\u00e9v\u00f4ts sont normalement \u00e9lus avec des bulletins de vote gliss\u00e9s dans un calice en guise d\u2019urne.<\/p>\n\n\n\n<p><\/p>\n\n\n\n<p><strong>P. 7<\/strong><\/p>\n\n\n\n<p>Ce miracle de la Vierge retenant le toit de la vieille Vallicella toute croulante conna\u00eet une illustration aujourd&rsquo;hui c\u00e9l\u00e8bre : le plafond de la Chiesa Nuova par Pietro da Cortona. <\/p>\n\n\n\n<div class=\"wp-block-image\"><figure class=\"aligncenter size-large\"><img loading=\"lazy\" decoding=\"async\" width=\"419\" height=\"784\" src=\"https:\/\/coradcor.fr\/wp-content\/uploads\/2021\/03\/pietro_da_cortona_-_madonna_e_san_filippo.jpg\" alt=\"\" class=\"wp-image-286\" srcset=\"https:\/\/coradcor.fr\/wp-content\/uploads\/2021\/03\/pietro_da_cortona_-_madonna_e_san_filippo.jpg 419w, https:\/\/coradcor.fr\/wp-content\/uploads\/2021\/03\/pietro_da_cortona_-_madonna_e_san_filippo-160x300.jpg 160w, https:\/\/coradcor.fr\/wp-content\/uploads\/2021\/03\/pietro_da_cortona_-_madonna_e_san_filippo-416x778.jpg 416w\" sizes=\"auto, (max-width: 419px) 100vw, 419px\" \/><\/figure><\/div>\n\n\n\n<p>Vu le style r\u00e9aliste de l\u2019ensemble de la BD, il nous semblait difficile de repr\u00e9senter la Vierge en train de faire des halt\u00e8res\u00a0avec les poutres ! Par cons\u00e9quent, nous avons opt\u00e9 pour un clin d\u2019\u0153il, au propre comme au figur\u00e9. En effet, si vous vous armez d&rsquo;une loupe, vous verrez la Vierge soutenant l&rsquo;\u00e9glise dans le reflet dans l\u2019\u0153il de Philippe. <\/p>\n\n\n\n<figure class=\"wp-block-table\"><table><tbody><tr><td class=\"has-text-align-center\" data-align=\"center\"><img decoding=\"async\" src=\"https:\/\/coradcor.fr\/wp-content\/uploads\/2021\/03\/thumbnail_oeil1-pl05-946x1024.jpg\" alt=\"L\u2019attribut alt de cette image est vide, son nom de fichier est thumbnail_oeil1-pl05-946x1024.jpg.\" style=\"width: 400px;\"><\/td><td><img decoding=\"async\" src=\"https:\/\/coradcor.fr\/wp-content\/uploads\/2021\/03\/thumbnail_oeil-pl05.jpg\" alt=\"L\u2019attribut alt de cette image est vide, son nom de fichier est thumbnail_oeil-pl05.jpg.\" style=\"width: 500px;\"><\/td><\/tr><\/tbody><\/table><\/figure>\n\n\n\n<p>En faisant cela, nous nous sommes inspir\u00e9s du miracle sur la <a rel=\"noreferrer noopener\" href=\"https:\/\/fr.aleteia.org\/2017\/05\/27\/le-mystere-des-13-images-imprimees-dans-les-yeux-de-notre-dame-de-guadalupe\/\" target=\"_blank\">Vierge de Guadalupe<\/a>. <\/p>\n\n\n\n<div class=\"wp-block-image\"><figure class=\"aligncenter size-large\"><img loading=\"lazy\" decoding=\"async\" width=\"812\" height=\"275\" src=\"https:\/\/coradcor.fr\/wp-content\/uploads\/2021\/03\/ND-Guadalupe.jpg\" alt=\"\" class=\"wp-image-287\" srcset=\"https:\/\/coradcor.fr\/wp-content\/uploads\/2021\/03\/ND-Guadalupe.jpg 812w, https:\/\/coradcor.fr\/wp-content\/uploads\/2021\/03\/ND-Guadalupe-300x102.jpg 300w, https:\/\/coradcor.fr\/wp-content\/uploads\/2021\/03\/ND-Guadalupe-768x260.jpg 768w, https:\/\/coradcor.fr\/wp-content\/uploads\/2021\/03\/ND-Guadalupe-416x141.jpg 416w\" sizes=\"auto, (max-width: 812px) 100vw, 812px\" \/><\/figure><\/div>\n\n\n\n<p><\/p>\n\n\n\n<p><strong>P. 11<\/strong><\/p>\n\n\n\n<ul class=\"wp-block-list\"><li>Cette foule est inspir\u00e9e du v\u00e9cu des auteurs en JMJ. Pour les drapeaux, un referendum avait \u00e9t\u00e9 propos\u00e9 sur Facebook, pendant le Credofunding. Au final, vous avez un r\u00e9sultat qui correspond aux 3 Oratoires fond\u00e9s canoniquement au moment de la r\u00e9alisation de cette BD, soit la Lorraine, la Bourgogne et la Provence, respectivement pour Nancy, Dijon et Hy\u00e8res. D\u00e9sol\u00e9 pour la Bretagne (Lorient) et la Charente (Angoul\u00eame) \u2026<\/li><li>Le sc\u00e9nariste se souvient, dans le temps, d\u2019un d\u00e9lire \u00e0 l\u2019Oratoire de Nancy autour du film danois <em>Le Festin de Babette<\/em>. La case en bas le rappellera \u00e0 beaucoup. <\/li><\/ul>\n\n\n\n<div class=\"wp-block-image\"><figure class=\"aligncenter size-large is-resized\"><img loading=\"lazy\" decoding=\"async\" src=\"https:\/\/coradcor.fr\/wp-content\/uploads\/2021\/03\/Festin-Babette-1024x683.jpg\" alt=\"\" class=\"wp-image-288\" width=\"629\" height=\"419\" srcset=\"https:\/\/coradcor.fr\/wp-content\/uploads\/2021\/03\/Festin-Babette-1024x683.jpg 1024w, https:\/\/coradcor.fr\/wp-content\/uploads\/2021\/03\/Festin-Babette-300x200.jpg 300w, https:\/\/coradcor.fr\/wp-content\/uploads\/2021\/03\/Festin-Babette-768x512.jpg 768w, https:\/\/coradcor.fr\/wp-content\/uploads\/2021\/03\/Festin-Babette-416x277.jpg 416w, https:\/\/coradcor.fr\/wp-content\/uploads\/2021\/03\/Festin-Babette.jpg 1200w\" sizes=\"auto, (max-width: 629px) 100vw, 629px\" \/><\/figure><\/div>\n\n\n\n<p>On comprend que Philippe n&rsquo;est pas l\u00e0, \u00e0 table avec tous, car encore \u00e0 San Girolamo (<em>cf<\/em>. p. 19-20)<\/p>\n\n\n\n<p><\/p>\n\n\n\n<p><strong>P. 12<\/strong><\/p>\n\n\n\n<p>Reconstituer la Chiesa Nuova ne fut pas une mince affaire ! Qui plus est que notre r\u00e9cit se situe au moment de sa construction et qu&rsquo;en plus elle a \u00e9t\u00e9 refaite entre cette \u00e9poque et aujourd&rsquo;hui. Il \u00e9tait donc impossible de se contenter de vous la dessiner \u00e0 partir de nos photos de vacances. Ainsi, comme on l&rsquo;apprend p. 42-43, elle \u00e9tait beaucoup plus sobre et moins color\u00e9e. Autre gros changement : il y avait bien trois nefs. Si aujourd&rsquo;hui nous n&rsquo;en comptons plus qu&rsquo;une, c&rsquo;est simplement que les deux lat\u00e9rales ont \u00e9t\u00e9 absorb\u00e9es dans l&rsquo;agrandissement de toutes les chapelles lat\u00e9rales. <\/p>\n\n\n\n<p>Le plan port\u00e9 par l&rsquo;architecte est finalement assez pr\u00e9cis. Pour cela, nous nous sommes aid\u00e9s de la visite virtuelle 3D sur le site de la Chiesa Nuova (amusez-vous <a rel=\"noreferrer noopener\" href=\"http:\/\/www.vallicella.org\/visita_virtuale\/cn.html\" target=\"_blank\">ici<\/a> !) et du plan de Giovanni Battista Nolli (\u00e9merveillez-vous <a rel=\"noreferrer noopener\" href=\"http:\/\/nolli.uoregon.edu\/map\/index.html?xurl=82.814&amp;yurl=81.011&amp;surl=2000\" target=\"_blank\">ici<\/a> !)<\/p>\n\n\n\n<p><\/p>\n\n\n\n<p><strong>P. 16<\/strong><\/p>\n\n\n\n<ul class=\"wp-block-list\"><li>Le menu traditionnel de cette journ\u00e9e de p\u00e8lerinage a \u00e9t\u00e9 respect\u00e9 dans les d\u00e9tails : pain, vin, \u0153uf, salame et pomme. <\/li><li>Pour les sourcilleux, non, le ballon planqu\u00e9 dans un coin n\u2019est m\u00eame pas anachronique&nbsp;: l\u2019Homme sait jouer \u00e0 des jeux tr\u00e8s approchants depuis \u2026 le 3s. avant J.C.&nbsp;!<\/li><\/ul>\n\n\n\n<p><\/p>\n\n\n\n<p><strong>P. 20<\/strong><\/p>\n\n\n\n<p>Nous avons peut-\u00eatre un peu abus\u00e9 pour le cort\u00e8ge, mais pour les casseroles&nbsp;: c\u2019est authentique&nbsp;!<\/p>\n\n\n\n<p><\/p>\n\n\n\n<p><strong>P. 25-27<\/strong><\/p>\n\n\n\n<ul class=\"wp-block-list\"><li>Seul \u00ab&nbsp;deus ex machina&nbsp;\u00bb de la BD, o\u00f9 l&rsquo;historicit\u00e9 pure a \u00e9t\u00e9 mise entre parenth\u00e8se. Les deux fr\u00e8res ont finis dans les Ordres. Michele devint recteur pr\u00e8s de Florence. Il est probable qu\u2019un tel poste l\u2019ait fait repasser par Rome. Donc m\u00eame si ce n\u2019est pas attest\u00e9 (\u00e0 notre connaissance), il a tr\u00e8s bien pu avoir l\u2019occasion de revoir Philippe ou son entourage.<\/li><li>Le trajet \u00e0 pieds r\u00e9alis\u00e9 par nos deux h\u00e9ros est tout \u00e0 fait plausible et m\u00eame encore faisable aujourd\u2019hui. Pour un peu, le timing de leur discussion le serait aussi !<\/li><\/ul>\n\n\n\n<ul class=\"wp-block-list\"><li>En toile de fond \u00e0 cette balade dans Rome se trouve un hommage \u00e0 Louis Bouyer et son livre <em>Un Socrate romain<\/em>. Ainsi, vous retrouverez en fond de ces cases tous les personnages crois\u00e9s par Philippe dans le chapitre 1 :<ul><li>\u00ab&nbsp;carrosse \u00e0 pendeloques scintillantes et \u00e0 grelots tintinnabulants&nbsp;\u00bb<\/li><li>\u00ab&nbsp;jeune monsignor&nbsp;\u00bb<\/li><li>\u00ab&nbsp;beau jeune seigneur (\u2026)&nbsp;\u00bb aux \u00ab&nbsp;boucles [de cheveux] retombantes&nbsp;\u00bb, portant \u00ab&nbsp;un affreux carlin&nbsp;\u00bb \u00ab&nbsp;attif\u00e9 d\u2019un \u00e9norme et ridicule ruban rose&nbsp;\u00bb<\/li><li>\u00ab&nbsp;un franciscain&nbsp;\u00bb, qui ne peut \u00eatre autre que saint F\u00e9lix de Cantalice avec son tonneau. <\/li><\/ul><\/li><\/ul>\n\n\n\n<p><\/p>\n\n\n\n<p><strong>P. 25<\/strong><\/p>\n\n\n\n<ul class=\"wp-block-list\"><li>L\u2019\u00e9volution de Philippe par rapport \u00e0 celle de Saint-Pierre est int\u00e9ressante et on ne peut plus symbolique. En s\u2019inscrivant dans la Contre-R\u00e9forme, Philippe a donc particip\u00e9 \u00e0 la reconstruction de l\u2019Eglise. Toute cette activit\u00e9 suit la reconstruction de l\u2019\u00e9glise du Pape, chef de cette Eglise. Lorsque Philippe arrive \u00e0 Rome, les murs font <em>grooso modo<\/em> 3 m\u00e8tres de hauteur. Peu avant la mort du saint, en 1592, l\u2019\u00e9difice est achev\u00e9, avec m\u00eame en prime la sph\u00e8re et la croix au sommet du d\u00f4me. Elles sont dessin\u00e9es page 45.<\/li><li>Pour autant que nous le sachions, la maison des Da Caccia n&rsquo;existe plus tel quel Place St-Eustache. Leur porte n&rsquo;est donc que pure invention.<\/li><\/ul>\n\n\n\n<p><\/p>\n\n\n\n<p><strong>P. 28<\/strong><\/p>\n\n\n\n<p>Nous avons gliss\u00e9 ici une pri\u00e8re importante de St-Philippe, prise dans les <em>Laudes <\/em>de Da Todi. En VO, cela donne&nbsp;:<\/p>\n\n\n\n<p><em>Quando te diligam filiali amore&nbsp;?<\/em><\/p>\n\n\n\n<p><em>Spiritum rectum innova in visceribus meis.<\/em><\/p>\n\n\n\n<p>Une version chant\u00e9e est en \u00e9coute <a rel=\"noreferrer noopener\" href=\"http:\/\/saintphilippeneri-jubile.fr\/\" target=\"_blank\">\u00e0 cette adresse<\/a>. &nbsp;<\/p>\n\n\n\n<p><\/p>\n\n\n\n<p><strong>P. 29<\/strong><\/p>\n\n\n\n<p>D&rsquo;apr\u00e8s nos recherches, ce livre a \u00e9t\u00e9 conserv\u00e9 en archives. Par cons\u00e9quent, la citation \u00ab&nbsp;Philippe N\u00e9ri de St-Louis de Florence&nbsp;\u00bb est authentique.<\/p>\n\n\n\n<p><\/p>\n\n\n\n<p><strong>P. 32<\/strong><\/p>\n\n\n\n<p>Si, si&nbsp;: ceci est une vraie blague de ce livre de Piovano Arlotto que nous avons retrouv\u00e9 expr\u00e8s. Garantie traduction bio, sans additifs&nbsp;!<\/p>\n\n\n\n<p>Vous \u00eates fan de cet humour&nbsp;? Le texte est consultable <a rel=\"noreferrer noopener\" href=\"https:\/\/numelyo.bm-lyon.fr\/f_view\/BML:BML_00GOO0100137001100777593\/IMG00000008#\" target=\"_blank\">ici <\/a>(mais accrochez-vous&nbsp;!)<\/p>\n\n\n\n<p>Au fait : Piovano n\u2019est pas son pr\u00e9nom, c\u2019est juste Arlotto. Son nom de famille \u00e9tait Mainardi. Piovano est en fait son titre, sachant qu\u2019un \u00ab&nbsp;piovane&nbsp;\u00bb, \u00e0 cette \u00e9poque en Italie, est une sorte de paroisse, mais d\u2019un niveau (rang) inf\u00e9rieur. <\/p>\n\n\n\n<p><\/p>\n\n\n\n<p><strong>P. 33<\/strong><\/p>\n\n\n\n<p>Ah la la ! La poule ! \u00ab\u00a0La gallina\u00a0\u00bb !<\/p>\n\n\n\n<p>Nous retrouvons ici l&rsquo;anecdote probablement la plus rab\u00e2ch\u00e9e sur saint Philippe. Limite <em>ad nauseam<\/em> ! Du coup, nous ne voulions pas l&rsquo;inclure du tout dans le sc\u00e9nario au d\u00e9but. Mais au final nous l&rsquo;avons gliss\u00e9 en arri\u00e8re plan, en clin d\u2019\u0153il (et pour ne pas nous faire accuser d&rsquo;avoir rat\u00e9 \u00ab\u00a0le\u00a0\u00bb fait le plus connu du saint). <\/p>\n\n\n\n<p class=\"has-small-font-size\">Vous ne voyez vraiment pas de quoi nous parlons et quel lien il peut y avoir entre notre saint et une poule ? Bon, c&rsquo;est vraiment pour vous ! Un jour, donc, Philippe re\u00e7oit en confession la pire comm\u00e8re du quartier. Une vraie p\u00e9ripat\u00e9tiglotte professionnelle, semant le chaos sur son passage ! Apr\u00e8s avoir \u00e9cout\u00e9 ses aveux de m\u00e9disances, Philippe lui donne en p\u00e9nitence d&rsquo;aller plumer une poule dans les rues du quartier. Rien qu&rsquo;avec \u00e7a, on reconna\u00eet la fantaisie et l&rsquo;humour du bonhomme, mais le plus dr\u00f4le est que c&rsquo;\u00e9tait une grande dame de la haute soci\u00e9t\u00e9 : imaginez-l\u00e0 ob\u00e9ir au saint encombr\u00e9e par sa belle robe et ses bijoux ! Mais bien \u00e9videmment, elle ne comprend pas et ne peut se retenir de m\u00e9dire \u00e0 nouveau peu apr\u00e8s. Elle retourne \u00e0 confess&rsquo; et cette fois le saint lui donne en p\u00e9nitence &#8230; d&rsquo;aller ramasser les plumes ! L\u00e0, elle comprend enfin que c&rsquo;est aussi impossible que de rattraper tous les bobards et tissus de mensonges qu&rsquo;elle s\u00e8me d\u00e8s qu&rsquo;elle met le nez dehors. <\/p>\n\n\n\n<p>A part \u00e7a, oui, on sait : on tue et fait bouillir normalement une poule avant de la plumer. Mais c&rsquo;est tellement dr\u00f4le ce \u00ab\u00a0cot\u00a0\u00bb en fond de case \ud83d\ude09 !<\/p>\n\n\n\n<p><\/p>\n\n\n\n<p><strong>P. 41-42<\/strong><\/p>\n\n\n\n<p>Ces pages ne relatent ni plus ni moins que l&rsquo;invention du genre musical de l\u2019&nbsp;\u00ab&nbsp;oratorio&nbsp;\u00bb&nbsp;! Et oui, sans saint Philippe, nous n&rsquo;aurions peut-\u00eatre pas d&rsquo;<em>Alleluia<\/em> extrait du <em>Messie<\/em> de Haendel et le g\u00e9n\u00e9rique de la Ligue des Champions aurait moins de gueule (<em>Zadok the Priest<\/em>, chers footeux). <\/p>\n\n\n\n<p>Pourtant, comme \u00ab&nbsp;contre-r\u00e9forme&nbsp;\u00bb, le mot \u00ab oratorio \u00bb n\u2019appara\u00eet pas dans ce livre, car il est \u00e9galement beaucoup plus tardif historiquement. Mais bon, tout le monde aura devin\u00e9 et fait le rapprochement, n&rsquo;est-ce pas ?<\/p>\n\n\n\n<p><\/p>\n\n\n\n<p><strong>P. 43<\/strong><\/p>\n\n\n\n<ul class=\"wp-block-list\"><li>D\u2019autres anciens JMJistes reconna\u00eetront la fa\u00e7on que la foule a de scander le nom du pape&nbsp;:<\/li><\/ul>\n\n\n\n<p class=\"has-text-align-center\">Gre-go-ri-o&nbsp;! Clap-clap&nbsp;! Clap-clap&nbsp;!<\/p>\n\n\n\n<p class=\"has-text-align-center\">Giova-ni Pao-lo&nbsp;! Clap-clap&nbsp;! Clap-clap&nbsp;!<\/p>\n\n\n\n<p class=\"has-text-align-center\">Be-ne-de-tto&nbsp;! Clap-clap&nbsp;! Clap-clap&nbsp;!<\/p>\n\n\n\n<ul class=\"wp-block-list\"><li>Confessons ici un l\u00e9ger \u00e9cart par rapport \u00e0 l\u2019Histoire&nbsp;: cette fac\u00e9tie de tirer la barbe d\u2019un garde-suisse a bien \u00e9t\u00e9 os\u00e9 par Philippe, mais cela est attest\u00e9 lors de la translation des reliques de&nbsp;deux martyrs, Papias &amp; Maure. Mais c\u2019\u00e9tait la m\u00eame ann\u00e9e, en 1590&nbsp;! Disons qu\u2019une blague suffisamment bonne peut fonctionner plusieurs fois&nbsp;?<\/li><\/ul>\n\n\n\n<p><\/p>\n\n\n\n<p><strong>P. 54 <\/strong><\/p>\n\n\n\n<p>Si&nbsp;: nous avons os\u00e9 le vendeur dans la queue&nbsp;! En revanche, le fait de subtiliser une rose du catafalque est attest\u00e9.<\/p>\n\n\n\n<p><\/p>\n\n\n\n<p><strong>P. 57<\/strong><\/p>\n\n\n\n<p>Pour information, nous vous remettons ici l&rsquo;arbre g\u00e9n\u00e9alogique intact et complet : <\/p>\n\n\n\n<div class=\"wp-block-image\"><figure class=\"aligncenter size-large is-resized\"><img loading=\"lazy\" decoding=\"async\" src=\"https:\/\/coradcor.fr\/wp-content\/uploads\/2021\/03\/Genealogie-1024x614.jpg\" alt=\"\" class=\"wp-image-292\" width=\"926\" height=\"555\" srcset=\"https:\/\/coradcor.fr\/wp-content\/uploads\/2021\/03\/Genealogie-1024x614.jpg 1024w, https:\/\/coradcor.fr\/wp-content\/uploads\/2021\/03\/Genealogie-300x180.jpg 300w, https:\/\/coradcor.fr\/wp-content\/uploads\/2021\/03\/Genealogie-768x460.jpg 768w, https:\/\/coradcor.fr\/wp-content\/uploads\/2021\/03\/Genealogie-416x249.jpg 416w, https:\/\/coradcor.fr\/wp-content\/uploads\/2021\/03\/Genealogie.jpg 1446w\" sizes=\"auto, (max-width: 926px) 100vw, 926px\" \/><\/figure><\/div>\n\n\n\n<p><\/p>\n\n\n\n<p><strong>Page de garde<\/strong><\/p>\n\n\n\n<p>Oui, vous avez bien lu : \u00ab\u00a0Saint John Henry Newman\u00a0\u00bb ! Pourtant, si vous r\u00e9fl\u00e9chissez bien : la BD a \u00e9t\u00e9 imprim\u00e9e en ao\u00fbt 2019, puis commenc\u00e9 d&rsquo;\u00eatre commercialis\u00e9e d\u00e8s la fin septembre 2019 &#8230; alors que la canonisation n&rsquo;a eu lieu que le 9 octobre 2019 ! <\/p>\n\n\n\n<p>Avouons que c\u2019est utile d\u2019avoir des contacts bien plac\u00e9s&nbsp;!&nbsp;\ud83d\ude09 Cela nous a surtout permis d\u2019\u00eatre \u00e0 jour. Et peut-\u00eatre d\u2019\u00eatre le premier document imprim\u00e9 avec \u00ab&nbsp;Saint John Henry Newman&nbsp;\u00bb&nbsp;?<\/p>\n","protected":false},"excerpt":{"rendered":"<p>Cette page regorge de clins d\u2019\u0153il et autres r\u00e9f\u00e9rences oratoriennes un peu plus pouss\u00e9es ! Au cin\u00e9ma, dans le jargon anglais, il para\u00eet qu&rsquo;on appelle \u00e7a des \u00ab\u00a0easter-eggs\u00a0\u00bb &#8230; P. 3 1\u00e8re bulle de la BD&nbsp;: \u00ab&nbsp;1515&nbsp;\u00bb&nbsp;! D\u00e9sol\u00e9 pour les autres, mais \u00e0 un moment c\u2019\u00e9tait un peu une blague r\u00e9currente pour chaque nouveau \u00e0 [&hellip;]<\/p>\n","protected":false},"author":1,"featured_media":0,"parent":0,"menu_order":0,"comment_status":"closed","ping_status":"closed","template":"","meta":{"footnotes":""},"class_list":["post-284","page","type-page","status-publish","hentry"],"_links":{"self":[{"href":"https:\/\/coradcor.fr\/index.php\/wp-json\/wp\/v2\/pages\/284","targetHints":{"allow":["GET"]}}],"collection":[{"href":"https:\/\/coradcor.fr\/index.php\/wp-json\/wp\/v2\/pages"}],"about":[{"href":"https:\/\/coradcor.fr\/index.php\/wp-json\/wp\/v2\/types\/page"}],"author":[{"embeddable":true,"href":"https:\/\/coradcor.fr\/index.php\/wp-json\/wp\/v2\/users\/1"}],"replies":[{"embeddable":true,"href":"https:\/\/coradcor.fr\/index.php\/wp-json\/wp\/v2\/comments?post=284"}],"version-history":[{"count":10,"href":"https:\/\/coradcor.fr\/index.php\/wp-json\/wp\/v2\/pages\/284\/revisions"}],"predecessor-version":[{"id":306,"href":"https:\/\/coradcor.fr\/index.php\/wp-json\/wp\/v2\/pages\/284\/revisions\/306"}],"wp:attachment":[{"href":"https:\/\/coradcor.fr\/index.php\/wp-json\/wp\/v2\/media?parent=284"}],"curies":[{"name":"wp","href":"https:\/\/api.w.org\/{rel}","templated":true}]}}