{"id":267,"date":"2021-02-28T21:18:10","date_gmt":"2021-02-28T20:18:10","guid":{"rendered":"https:\/\/coradcor.fr\/?page_id=267"},"modified":"2021-02-28T21:26:50","modified_gmt":"2021-02-28T20:26:50","slug":"les-editions-cor-ad-cor","status":"publish","type":"page","link":"https:\/\/coradcor.fr\/index.php\/les-editions-cor-ad-cor\/","title":{"rendered":"Les \u00e9ditions \u00ab Cor ad Cor \u00bb"},"content":{"rendered":"\n<p>Quitte \u00e0 \u00e9diter une BD sur le fondateur de l&rsquo;Oratoire, autant choisir un nom d&rsquo;\u00e9dition qui fasse oratorien. Aussi notre choix c&rsquo;est port\u00e9 sur cette citation : <\/p>\n\n\n\n<p class=\"has-text-align-center\">\u00ab&nbsp;<em>Cor ad cor loquitur<\/em>&nbsp;\u00bb. <\/p>\n\n\n\n<p class=\"has-text-align-right has-small-font-size\">(Oui, \u00ab&nbsp;<em>loquitur&nbsp;<\/em>\u00bb est volontairement pass\u00e9 \u00e0 la trappe)<\/p>\n\n\n\n<p>Avec un peu de latin et un bon Gaffiot, on peut traduire par : <\/p>\n\n\n\n<p class=\"has-text-align-center\">\u00ab&nbsp;le c\u0153ur parle au c\u0153ur. \u00bb<\/p>\n\n\n\n<p>C&rsquo;est une expression que l&rsquo;on doit \u00e0 saint Fran\u00e7ois de Sales (qui vous fait coucou p. 59). Quelques si\u00e8cles plus tard, l&rsquo;oratorien John Henry Newman en fit sa devise de Cardinal. <\/p>\n","protected":false},"excerpt":{"rendered":"<p>Quitte \u00e0 \u00e9diter une BD sur le fondateur de l&rsquo;Oratoire, autant choisir un nom d&rsquo;\u00e9dition qui fasse oratorien. Aussi notre choix c&rsquo;est port\u00e9 sur cette citation : \u00ab&nbsp;Cor ad cor loquitur&nbsp;\u00bb. (Oui, \u00ab&nbsp;loquitur&nbsp;\u00bb est volontairement pass\u00e9 \u00e0 la trappe) Avec un peu de latin et un bon Gaffiot, on peut traduire par : \u00ab&nbsp;le c\u0153ur [&hellip;]<\/p>\n","protected":false},"author":1,"featured_media":0,"parent":0,"menu_order":0,"comment_status":"closed","ping_status":"closed","template":"","meta":{"footnotes":""},"class_list":["post-267","page","type-page","status-publish","hentry"],"_links":{"self":[{"href":"https:\/\/coradcor.fr\/index.php\/wp-json\/wp\/v2\/pages\/267","targetHints":{"allow":["GET"]}}],"collection":[{"href":"https:\/\/coradcor.fr\/index.php\/wp-json\/wp\/v2\/pages"}],"about":[{"href":"https:\/\/coradcor.fr\/index.php\/wp-json\/wp\/v2\/types\/page"}],"author":[{"embeddable":true,"href":"https:\/\/coradcor.fr\/index.php\/wp-json\/wp\/v2\/users\/1"}],"replies":[{"embeddable":true,"href":"https:\/\/coradcor.fr\/index.php\/wp-json\/wp\/v2\/comments?post=267"}],"version-history":[{"count":3,"href":"https:\/\/coradcor.fr\/index.php\/wp-json\/wp\/v2\/pages\/267\/revisions"}],"predecessor-version":[{"id":270,"href":"https:\/\/coradcor.fr\/index.php\/wp-json\/wp\/v2\/pages\/267\/revisions\/270"}],"wp:attachment":[{"href":"https:\/\/coradcor.fr\/index.php\/wp-json\/wp\/v2\/media?parent=267"}],"curies":[{"name":"wp","href":"https:\/\/api.w.org\/{rel}","templated":true}]}}