{"id":251,"date":"2021-01-10T23:19:33","date_gmt":"2021-01-10T22:19:33","guid":{"rendered":"https:\/\/coradcor.fr\/?page_id=251"},"modified":"2021-01-10T23:19:33","modified_gmt":"2021-01-10T22:19:33","slug":"identification-psychologie","status":"publish","type":"page","link":"https:\/\/coradcor.fr\/index.php\/identification-psychologie\/","title":{"rendered":"Identification &#038; psychologie"},"content":{"rendered":"\n<p>Au-del\u00e0 des ficelles que m\u00eame Agatha Christie ne pourrait s\u2019emp\u00eacher d\u2019utiliser, le choix d\u2019une enqu\u00eate nous offrait \u2013 paradoxalement \u2013 une port\u00e9e spirituelle. Car que cherche-t-on lors d\u2019une enqu\u00eate, mise \u00e0 part la v\u00e9rit\u00e9\u00a0? Le lecteur \u2013 qu\u2019il connaisse d\u00e9j\u00e0 ou pas Philippe N\u00e9ri \u2013 suit l\u2019enqu\u00eate en se posant aussi les questions, en essayant d\u2019y r\u00e9pondre, en s\u2019interrogeant sur lui-m\u00eame par rapport au saint pr\u00e9sent\u00e9. En fait, chacun est invit\u00e9 \u00e0 \u00ab\u00a0\u00eatre\u00a0\u00bb Antonio Gallonio l\u2019espace de 58 pages.<\/p>\n\n\n\n<p>On comprend aussi pourquoi mettre Philippe N\u00e9ri en personnage principal aurait \u00e9t\u00e9 probl\u00e9matique quant \u00e0 la modestie. Pour devenir saint soi-m\u00eame, il vaut peut-\u00eatre mieux ne pas \u00ab&nbsp;\u00eatre&nbsp;\u00bb tel ou tel saint, mais plut\u00f4t le suivre vers le Christ. Et suivre d\u2019autres saints encore \u00e0 c\u00f4t\u00e9, tant qu\u2019\u00e0 faire, pour avoir encore plus de succ\u00e8s. D\u2019ailleurs, c\u2019est pour cela que nous vous avons repr\u00e9sent\u00e9 autant que possible d\u2019autres saints gravitant autour de saint Philippe N\u00e9ri. M\u00eame en dehors des pages de garde, vous croiserez par exemple Charles Borrom\u00e9e (p. 8), Ignace de Loyola (p. 30), Jean Leonardi (p. 38-39) ou encore Fran\u00e7ois de Sales (p. 59). Saint Philippe n\u2019a pas pu tout faire tout seul&nbsp;!<\/p>\n\n\n\n<p>Dans une enqu\u00eate, il y a toujours une progression (ici vers un succ\u00e8s, notre BD n\u2019\u00e9tant pas class\u00e9e \u00ab&nbsp;affaire sans suite&nbsp;\u00bb). Le lecteur, chr\u00e9tien ou pas, progresse aussi tout au long de l\u2019enqu\u00eate, en d\u00e9couvrant la vie du saint se d\u00e9voiler petit \u00e0 petit.<\/p>\n\n\n\n<p>Et Gallonio&nbsp;! N\u2019a-t-il pas progress\u00e9 au long des pages&nbsp;? Comparez le jeunot un peu foufou des d\u00e9buts (p. 5, 11, 12) avec le pr\u00eatre ayant gagn\u00e9 en maturit\u00e9 vers la fin et qui per\u00e7oit qu\u2019il c\u00f4toie des ph\u00e9nom\u00e8nes qui le d\u00e9passent, une saintet\u00e9 qu\u2019il n\u2019atteindra jamais (p. 48). Les saints ont par d\u00e9finition apport\u00e9 quelque chose au monde&nbsp;: en le suivant de la sorte dans son hagiographie, nous esp\u00e9rons vous en impr\u00e9gner et que cela fasse votre profit. A la fin, Gallonio va enfin t\u00e9moigner&nbsp;: c\u2019est ce que les auteurs ont fait dans cette BD et ce que \u2013 esp\u00e9rons&nbsp;! \u2013 des lecteurs feront aussi, pouss\u00e9s par cette sorte d\u2019&nbsp;\u00ab&nbsp;Ite missa est&nbsp;\u00bb. Sortons t\u00e9moigner tel Gallonio dans la derni\u00e8re case&nbsp;!<\/p>\n\n\n\n<p>Allez&nbsp;: un dernier aveu&nbsp;! Sans que ce soit le film <em>6<sup>e<\/sup> Sens<\/em>, proc\u00e9der de la sorte avec une enqu\u00eate et donc forc\u00e9ment avec des indices qui \u00e9chappent lors d\u2019une premi\u00e8re lecture nous assure que vous retournerez \u00e0 cette BD et que vous ne l\u2019oublierez pas dans un coin.<\/p>\n\n\n\n<p>Encore une fois, nous tenions ferme \u00e0 l\u2019historicit\u00e9. En effet, Gallonio est bel et bien le 1<sup>er<\/sup> hagiographe de saint Philippe N\u00e9ri. Dans la r\u00e9alit\u00e9, il lui aura fallu moins de 5 ans \u2013 avec les moyens de l\u2019\u00e9poque \u2013 pour sortir son ouvrage. Et s\u2019il avait r\u00e9ellement commenc\u00e9 ses \u00ab\u00a0rep\u00e9rages\u00a0\u00bb du vivant du saint\u00a0? La chute de la BD (p. 61) voit se confondre en quelque sorte la d\u00e9position d\u2019Antonio Gallonio au proc\u00e8s de canonisation de son ex-pr\u00e9v\u00f4t et le transport des \u00e9preuves pour l\u2019impression de son ouvrage.<\/p>\n","protected":false},"excerpt":{"rendered":"<p>Au-del\u00e0 des ficelles que m\u00eame Agatha Christie ne pourrait s\u2019emp\u00eacher d\u2019utiliser, le choix d\u2019une enqu\u00eate nous offrait \u2013 paradoxalement \u2013 une port\u00e9e spirituelle. Car que cherche-t-on lors d\u2019une enqu\u00eate, mise \u00e0 part la v\u00e9rit\u00e9\u00a0? Le lecteur \u2013 qu\u2019il connaisse d\u00e9j\u00e0 ou pas Philippe N\u00e9ri \u2013 suit l\u2019enqu\u00eate en se posant aussi les questions, en essayant [&hellip;]<\/p>\n","protected":false},"author":1,"featured_media":0,"parent":0,"menu_order":0,"comment_status":"closed","ping_status":"closed","template":"","meta":{"footnotes":""},"class_list":["post-251","page","type-page","status-publish","hentry"],"_links":{"self":[{"href":"https:\/\/coradcor.fr\/index.php\/wp-json\/wp\/v2\/pages\/251","targetHints":{"allow":["GET"]}}],"collection":[{"href":"https:\/\/coradcor.fr\/index.php\/wp-json\/wp\/v2\/pages"}],"about":[{"href":"https:\/\/coradcor.fr\/index.php\/wp-json\/wp\/v2\/types\/page"}],"author":[{"embeddable":true,"href":"https:\/\/coradcor.fr\/index.php\/wp-json\/wp\/v2\/users\/1"}],"replies":[{"embeddable":true,"href":"https:\/\/coradcor.fr\/index.php\/wp-json\/wp\/v2\/comments?post=251"}],"version-history":[{"count":1,"href":"https:\/\/coradcor.fr\/index.php\/wp-json\/wp\/v2\/pages\/251\/revisions"}],"predecessor-version":[{"id":252,"href":"https:\/\/coradcor.fr\/index.php\/wp-json\/wp\/v2\/pages\/251\/revisions\/252"}],"wp:attachment":[{"href":"https:\/\/coradcor.fr\/index.php\/wp-json\/wp\/v2\/media?parent=251"}],"curies":[{"name":"wp","href":"https:\/\/api.w.org\/{rel}","templated":true}]}}