{"id":246,"date":"2021-01-10T23:10:38","date_gmt":"2021-01-10T22:10:38","guid":{"rendered":"https:\/\/coradcor.fr\/?page_id=246"},"modified":"2021-01-10T23:11:38","modified_gmt":"2021-01-10T22:11:38","slug":"une-enquete","status":"publish","type":"page","link":"https:\/\/coradcor.fr\/index.php\/une-enquete\/","title":{"rendered":"Une enqu\u00eate"},"content":{"rendered":"\n<p>On l\u2019aura compris&nbsp;: pour une narration lin\u00e9aire, il faudra repasser&nbsp;! Notre objectif n\u2019a jamais \u00e9t\u00e9 de commencer la 1<sup>\u00e8re<\/sup> case de la 1<sup>\u00e8re<\/sup> page avec Philippe N\u00e9ri au berceau et finir sur saint Philippe au tombeau \u00e0 la derni\u00e8re case de la derni\u00e8re page. M\u00eame si ce travail est plut\u00f4t historique, ce n\u2019est pas tant le d\u00e9roul\u00e9 chronologique (presque) paresseux de la vie d\u2019un saint qui nous semblait int\u00e9ressant de montrer que de vraiment vous d\u00e9voiler \u00ab&nbsp;pourquoi&nbsp;\u00bb il est saint. Normalement, \u00e0 la fin de chaque section (quand ce n\u2019est pas en bas de chaque page ou double-page), on doit pouvoir se dire&nbsp;: \u00ab&nbsp;OK, il est saint parce que ceci, parce que cela&nbsp;\u00bb. A vous de compl\u00e9ter&nbsp;:<\/p>\n\n\n\n<ul class=\"wp-block-list\"><li>construction d\u2019une \u00e9glise<\/li><li>des miracles<\/li><li>fonder une congr\u00e9gation<\/li><li>conseiller les papes<\/li><li><em>etc<\/em><\/li><\/ul>\n\n\n\n<p>D\u00e8s lors, montrer l\u2019homme et son \u0153uvre par petites touches, en les regroupant, les agen\u00e7ant et les faisant se succ\u00e9der comme nous l\u2019entendions \u00e9tait une solution int\u00e9ressante \u00e0 exploiter. Y aurait-il un peu d\u2019impressionnisme dans ce livre&nbsp;?<\/p>\n\n\n\n<p>Toutefois, comme nous avons piti\u00e9 des \u00ab\u00a0flash-back\u00a0\u00bb-ophobes, vous trouverez la BD remise dans l\u2019ordre <a href=\"https:\/\/coradcor.fr\/index.php\/bd-et-chronologie\/\">ici<\/a>.<\/p>\n\n\n\n<p>Par ailleurs, le fait de choisir l\u2019enrobage d\u2019une enqu\u00eate se pr\u00eatait tout \u00e0 fait \u00e0 ce genre de d\u00e9construction et de r\u00e9assemblage. Ainsi, nous avons eu le loisir de faire passer notre enqu\u00eateur par toutes les fa\u00e7ons possibles et imaginables de recueillir des indices :<\/p>\n\n\n\n<ul class=\"wp-block-list\"><li>son propre t\u00e9moignage (p. 6 <em>sqq<\/em>)<\/li><li>le recueil du t\u00e9moignage des autres (p. 18 ou 49-50 par exemple)<\/li><li>des indices r\u00e9fractaires (p. 12)<\/li><li>la consultation d\u2019archives pour y d\u00e9celer des preuves (p. 36 <em>sqq<\/em>)<\/li><li>des t\u00e9moins oculaires (p. 24 <em>sqq<\/em> surtout)<\/li><li>le coup de bol (p. 23-34, 38)<\/li><\/ul>\n\n\n\n<p>On aura compris \u00e9galement que cette BD et son enqu\u00eate se veulent en quelque sorte la m\u00e9taphore des enqu\u00eates ayant lieu lors de chaque proc\u00e8s de b\u00e9atification.<\/p>\n\n\n\n<p><\/p>\n\n\n\n<p><\/p>\n\n\n\n<p class=\"has-vivid-red-color has-text-color\">[Attention\u00a0: spoiler dans ce dernier paragraphe\u00a0!]<\/p>\n\n\n\n<p>La forme d\u2019une enqu\u00eate nous a aussi permis de mettre en point d\u2019orgue la fameuse Pentec\u00f4te 1544, comme acm\u00e9 et final, alors que chronologiquement cette cartouche aurait \u00e9t\u00e9 grill\u00e9e beaucoup trop t\u00f4t\u00a0! En ne d\u00e9voilant le secret du c\u0153ur de saint Philippe qu\u2019\u00e0 la fin, nous sommes aussi conforme \u00e0 l\u2019Histoire, puisque, de m\u00eame que nous le cachons durant toute la BD, le concern\u00e9 l\u2019a lui-m\u00eame cach\u00e9 toute sa vie durant. Toujours pour \u00e9viter la vantardise.<\/p>\n","protected":false},"excerpt":{"rendered":"<p>On l\u2019aura compris&nbsp;: pour une narration lin\u00e9aire, il faudra repasser&nbsp;! Notre objectif n\u2019a jamais \u00e9t\u00e9 de commencer la 1\u00e8re case de la 1\u00e8re page avec Philippe N\u00e9ri au berceau et finir sur saint Philippe au tombeau \u00e0 la derni\u00e8re case de la derni\u00e8re page. M\u00eame si ce travail est plut\u00f4t historique, ce n\u2019est pas tant [&hellip;]<\/p>\n","protected":false},"author":1,"featured_media":0,"parent":0,"menu_order":0,"comment_status":"closed","ping_status":"closed","template":"","meta":{"footnotes":""},"class_list":["post-246","page","type-page","status-publish","hentry"],"_links":{"self":[{"href":"https:\/\/coradcor.fr\/index.php\/wp-json\/wp\/v2\/pages\/246","targetHints":{"allow":["GET"]}}],"collection":[{"href":"https:\/\/coradcor.fr\/index.php\/wp-json\/wp\/v2\/pages"}],"about":[{"href":"https:\/\/coradcor.fr\/index.php\/wp-json\/wp\/v2\/types\/page"}],"author":[{"embeddable":true,"href":"https:\/\/coradcor.fr\/index.php\/wp-json\/wp\/v2\/users\/1"}],"replies":[{"embeddable":true,"href":"https:\/\/coradcor.fr\/index.php\/wp-json\/wp\/v2\/comments?post=246"}],"version-history":[{"count":2,"href":"https:\/\/coradcor.fr\/index.php\/wp-json\/wp\/v2\/pages\/246\/revisions"}],"predecessor-version":[{"id":248,"href":"https:\/\/coradcor.fr\/index.php\/wp-json\/wp\/v2\/pages\/246\/revisions\/248"}],"wp:attachment":[{"href":"https:\/\/coradcor.fr\/index.php\/wp-json\/wp\/v2\/media?parent=246"}],"curies":[{"name":"wp","href":"https:\/\/api.w.org\/{rel}","templated":true}]}}