{"id":23,"date":"2019-06-30T00:03:22","date_gmt":"2019-06-29T22:03:22","guid":{"rendered":"http:\/\/coradcor.fr\/?page_id=23"},"modified":"2026-02-05T22:22:59","modified_gmt":"2026-02-05T21:22:59","slug":"saint-philippe-neri-la-bd","status":"publish","type":"page","link":"https:\/\/coradcor.fr\/index.php\/saint-philippe-neri-la-bd\/","title":{"rendered":"\u00ab\u00a0&#8230; Un Coeur enflamm\u00e9 !\u00a0\u00bb"},"content":{"rendered":"\n<p class=\"has-text-align-right\">Saint Philippe N\u00e9ri en BD<\/p>\n\n\n\n<p class=\"has-text-align-center has-very-dark-gray-color has-luminous-vivid-amber-background-color has-text-color has-background has-medium-font-size\"><strong><em>Mention sp\u00e9ciale du jury, concours de la BD Chr\u00e9tienne, <\/em><\/strong><br><strong><em>Angoul\u00eame 2020 <\/em><\/strong><\/p>\n\n\n\n<figure class=\"wp-block-image\"><img loading=\"lazy\" decoding=\"async\" width=\"722\" height=\"1024\" src=\"http:\/\/coradcor.fr\/wp-content\/uploads\/2019\/06\/Titre_Couv_orange-722x1024.png\" alt=\"\" class=\"wp-image-24\" srcset=\"https:\/\/coradcor.fr\/wp-content\/uploads\/2019\/06\/Titre_Couv_orange-722x1024.png 722w, https:\/\/coradcor.fr\/wp-content\/uploads\/2019\/06\/Titre_Couv_orange-416x590.png 416w, https:\/\/coradcor.fr\/wp-content\/uploads\/2019\/06\/Titre_Couv_orange-212x300.png 212w, https:\/\/coradcor.fr\/wp-content\/uploads\/2019\/06\/Titre_Couv_orange-768x1089.png 768w\" sizes=\"auto, (max-width: 722px) 100vw, 722px\" \/><\/figure>\n\n\n\n<p>Bienvenue sur le site officiel de notre BD : \u00ab\u00a0De Lys, d&rsquo;Azur \u00e9toil\u00e9 et d&rsquo;un Coeur enflamm\u00e9\u00a0\u00bb ! <\/p>\n\n\n\n<p class=\"has-text-color has-background\" style=\"color:#613232;background-color:#fbf5c8\"><em>Qui est ce pr\u00eatre surprenant, qui arpente les rues de Rome en lan\u00e7ant des plaisanteries aux passants, et emm\u00e8ne son chat \u00e0 la messe ?<br> \u00c0 son contact, des cardinaux aux habits de luxe se retrouvent lavant les pieds des indigents, et des \u00e9tudiants f\u00eatards l\u00e2chent leurs bouteilles pour adorer le St Sacrement ! <br><br>Ce personnage attire, et bient\u00f4t, se rassemblent autour de lui des bourgeoises et des mendiants, des puissants et des jeunes gens, des musiciens et des enfants, unis par leur d\u00e9sir de parler de Dieu. Certains jeunes deviennent pr\u00eatres, et voil\u00e0 Philippe fondateur (malgr\u00e9 lui !) d\u2019une congr\u00e9gation qui existe encore aujourd\u2019hui dans de nombreux pays : l\u2019Oratoire. <br><br>C\u2019est par le regard de l\u2019un de ces jeunes pr\u00eatres, Antonio, que ces pages entra\u00eenent le lecteur \u00e0 la suite de Philippe. Philippe N\u00e9ri, consid\u00e9r\u00e9 comme le troisi\u00e8me ap\u00f4tre de Rome, joua un r\u00f4le fondamental dans le rel\u00e8vement de l\u2019Eglise catholique en ces temps troubl\u00e9s de la Renaissance  nissante. Prendre en compte les objections de la R\u00e9forme, redonner leur place aux la\u00efcs, retrouver le sens de l\u2019Eucharistie et remettre le faste et les richesses \u00e0 leurs places &#8230; Quel programme ! Habit\u00e9 par l\u2019Esprit Saint, rayonnant d\u2019une Joie libre et profonde, dot\u00e9 d\u2019un sens de l\u2019humour improbable, v\u00e9ritable amoureux de Dieu, Philippe N\u00e9ri reste, encore aujourd\u2019hui, un personnage inspirant pour les chercheurs de Dieu en tout genre. <\/em><\/p>\n\n\n\n<p><\/p>\n\n\n\n<p>Bonne lecture ! <\/p>\n\n\n\n<p><em>Les auteurs<\/em><\/p>\n\n\n\n<p><\/p>\n","protected":false},"excerpt":{"rendered":"<p>Saint Philippe N\u00e9ri en BD Mention sp\u00e9ciale du jury, concours de la BD Chr\u00e9tienne, Angoul\u00eame 2020 Bienvenue sur le site officiel de notre BD : \u00ab\u00a0De Lys, d&rsquo;Azur \u00e9toil\u00e9 et d&rsquo;un Coeur enflamm\u00e9\u00a0\u00bb ! Qui est ce pr\u00eatre surprenant, qui arpente les rues de Rome en lan\u00e7ant des plaisanteries aux passants, et emm\u00e8ne son chat [&hellip;]<\/p>\n","protected":false},"author":1,"featured_media":0,"parent":0,"menu_order":0,"comment_status":"closed","ping_status":"closed","template":"template-homepage.php","meta":{"footnotes":""},"class_list":["post-23","page","type-page","status-publish","hentry"],"_links":{"self":[{"href":"https:\/\/coradcor.fr\/index.php\/wp-json\/wp\/v2\/pages\/23","targetHints":{"allow":["GET"]}}],"collection":[{"href":"https:\/\/coradcor.fr\/index.php\/wp-json\/wp\/v2\/pages"}],"about":[{"href":"https:\/\/coradcor.fr\/index.php\/wp-json\/wp\/v2\/types\/page"}],"author":[{"embeddable":true,"href":"https:\/\/coradcor.fr\/index.php\/wp-json\/wp\/v2\/users\/1"}],"replies":[{"embeddable":true,"href":"https:\/\/coradcor.fr\/index.php\/wp-json\/wp\/v2\/comments?post=23"}],"version-history":[{"count":13,"href":"https:\/\/coradcor.fr\/index.php\/wp-json\/wp\/v2\/pages\/23\/revisions"}],"predecessor-version":[{"id":322,"href":"https:\/\/coradcor.fr\/index.php\/wp-json\/wp\/v2\/pages\/23\/revisions\/322"}],"wp:attachment":[{"href":"https:\/\/coradcor.fr\/index.php\/wp-json\/wp\/v2\/media?parent=23"}],"curies":[{"name":"wp","href":"https:\/\/api.w.org\/{rel}","templated":true}]}}