{"id":210,"date":"2021-01-10T21:53:35","date_gmt":"2021-01-10T20:53:35","guid":{"rendered":"https:\/\/coradcor.fr\/?page_id=210"},"modified":"2021-02-28T21:24:52","modified_gmt":"2021-02-28T20:24:52","slug":"construction-de-loeuvre","status":"publish","type":"page","link":"https:\/\/coradcor.fr\/index.php\/construction-de-loeuvre\/","title":{"rendered":"Construction de l\u2019\u0153uvre"},"content":{"rendered":"\n<p>Dans tous ces onglets \u00ab&nbsp;making-of&nbsp;\u00bb, nous revenons ici plus pr\u00e9cis\u00e9ment sur la construction de la BD, comment nous avons voulu la composer, les agencements entre ses diff\u00e9rentes parties et pourquoi.<\/p>\n\n\n\n<p>A cause de spoilers in\u00e9vitables et de r\u00e9f\u00e9rences \u00e0 certaines \u00e9tapes du r\u00e9cit, il est pr\u00e9f\u00e9rable de consulter ces rubriques apr\u00e8s avoir lu une premi\u00e8re fois l\u2019ensemble. Par contre, vous avez ici un bon moyen de red\u00e9couvrir cet ouvrage, de le voir sous un autre \u00e9clairage \u2026 et de vous y replonger encore&nbsp;!<\/p>\n\n\n\n<ul class=\"wp-block-list\"><li><a href=\"https:\/\/coradcor.fr\/index.php\/les-editions-cor-ad-cor\/\" data-type=\"URL\" data-id=\"https:\/\/coradcor.fr\/index.php\/les-editions-cor-ad-cor\/\">Les \u00e9ditions <em>Cor ad Cor<\/em><\/a><\/li><li><a href=\"https:\/\/coradcor.fr\/index.php\/le-titre\/\">Le titre<\/a><\/li><li><a href=\"https:\/\/coradcor.fr\/index.php\/la-couverture\/\" data-type=\"URL\" data-id=\"https:\/\/coradcor.fr\/index.php\/la-couverture\/\">La couverture<\/a><\/li><li><a href=\"https:\/\/coradcor.fr\/index.php\/lexergue\/\">La citation de saint Philippe N\u00e9ri en exergue<\/a><\/li><li><a href=\"https:\/\/coradcor.fr\/index.php\/les-pages-extremes\/\" data-type=\"URL\" data-id=\"https:\/\/coradcor.fr\/index.php\/les-pages-extremes\/\">1\u00e8re et derni\u00e8re page de l\u2019histoire<\/a><\/li><li><a href=\"https:\/\/coradcor.fr\/index.php\/construction-en-miroir\/\" data-type=\"URL\" data-id=\"https:\/\/coradcor.fr\/index.php\/construction-en-miroir\/\">Une construction en miroir<\/a><\/li><li><a href=\"https:\/\/coradcor.fr\/index.php\/une-enquete\/\">Une enqu\u00eate<\/a><\/li><li><a href=\"https:\/\/coradcor.fr\/index.php\/identification-psychologie\/\">Principe d\u2019identification (\u00e9volution psychologique)<\/a><\/li><\/ul>\n","protected":false},"excerpt":{"rendered":"<p>Dans tous ces onglets \u00ab&nbsp;making-of&nbsp;\u00bb, nous revenons ici plus pr\u00e9cis\u00e9ment sur la construction de la BD, comment nous avons voulu la composer, les agencements entre ses diff\u00e9rentes parties et pourquoi. A cause de spoilers in\u00e9vitables et de r\u00e9f\u00e9rences \u00e0 certaines \u00e9tapes du r\u00e9cit, il est pr\u00e9f\u00e9rable de consulter ces rubriques apr\u00e8s avoir lu une premi\u00e8re [&hellip;]<\/p>\n","protected":false},"author":1,"featured_media":0,"parent":0,"menu_order":0,"comment_status":"closed","ping_status":"closed","template":"","meta":{"footnotes":""},"class_list":["post-210","page","type-page","status-publish","hentry"],"_links":{"self":[{"href":"https:\/\/coradcor.fr\/index.php\/wp-json\/wp\/v2\/pages\/210","targetHints":{"allow":["GET"]}}],"collection":[{"href":"https:\/\/coradcor.fr\/index.php\/wp-json\/wp\/v2\/pages"}],"about":[{"href":"https:\/\/coradcor.fr\/index.php\/wp-json\/wp\/v2\/types\/page"}],"author":[{"embeddable":true,"href":"https:\/\/coradcor.fr\/index.php\/wp-json\/wp\/v2\/users\/1"}],"replies":[{"embeddable":true,"href":"https:\/\/coradcor.fr\/index.php\/wp-json\/wp\/v2\/comments?post=210"}],"version-history":[{"count":11,"href":"https:\/\/coradcor.fr\/index.php\/wp-json\/wp\/v2\/pages\/210\/revisions"}],"predecessor-version":[{"id":274,"href":"https:\/\/coradcor.fr\/index.php\/wp-json\/wp\/v2\/pages\/210\/revisions\/274"}],"wp:attachment":[{"href":"https:\/\/coradcor.fr\/index.php\/wp-json\/wp\/v2\/media?parent=210"}],"curies":[{"name":"wp","href":"https:\/\/api.w.org\/{rel}","templated":true}]}}